{"id":6,"date":"2015-03-23T17:31:42","date_gmt":"2015-03-23T17:31:42","guid":{"rendered":"http:\/\/diariododesbravador.wordpress.com\/?page_id=1"},"modified":"2015-03-23T17:31:42","modified_gmt":"2015-03-23T17:31:42","slug":"about","status":"publish","type":"page","link":"https:\/\/diariododesbravador.com.br\/index.php\/about\/","title":{"rendered":"Sobre"},"content":{"rendered":"<p align=\"justify\">Acho que toda a viagem ou passeio sempre ser\u00e1 uma experi\u00eancia \u00fanica para quem os vive. Mesmo quando estamos em um grupo, nossa vis\u00e3o nunca ser\u00e1 a mesma dos outros, j\u00e1 que dela depende sua sensibilidade, interesses, lembran\u00e7as. Nem quando voltamos a um lugar j\u00e1 conhecido a experi\u00eancia \u00e9 a mesma.<\/p>\n<p align=\"justify\">Criei esse blog para escrever sobre lugares que conheci ou redescobri. Acho que aqui voc\u00eas encontrar\u00e3o posts interessantes que possam inspir\u00e1-los a tamb\u00e9m desbravar esses lugares fisicamente ou apenas atrav\u00e9s do meu olhar. Espero tamb\u00e9m receber dicas e experi\u00eancias de voc\u00eas.<\/p>\n<p>Vamos come\u00e7ar?<\/p>\n","protected":false},"excerpt":{"rendered":"<p>Acho que toda a viagem ou passeio sempre ser\u00e1 uma experi\u00eancia \u00fanica para quem os vive. Mesmo quando estamos em um grupo, nossa vis\u00e3o nunca ser\u00e1 a mesma dos outros, j\u00e1 que dela depende sua sensibilidade, interesses, lembran\u00e7as. Nem quando voltamos a um lugar j\u00e1 conhecido a experi\u00eancia \u00e9 a mesma. Criei esse blog para [&hellip;]<\/p>\n","protected":false},"author":2,"featured_media":0,"parent":0,"menu_order":0,"comment_status":"open","ping_status":"open","template":"","meta":{"footnotes":""},"class_list":["post-6","page","type-page","status-publish","hentry"],"_links":{"self":[{"href":"https:\/\/diariododesbravador.com.br\/index.php\/wp-json\/wp\/v2\/pages\/6","targetHints":{"allow":["GET"]}}],"collection":[{"href":"https:\/\/diariododesbravador.com.br\/index.php\/wp-json\/wp\/v2\/pages"}],"about":[{"href":"https:\/\/diariododesbravador.com.br\/index.php\/wp-json\/wp\/v2\/types\/page"}],"author":[{"embeddable":true,"href":"https:\/\/diariododesbravador.com.br\/index.php\/wp-json\/wp\/v2\/users\/2"}],"replies":[{"embeddable":true,"href":"https:\/\/diariododesbravador.com.br\/index.php\/wp-json\/wp\/v2\/comments?post=6"}],"version-history":[{"count":0,"href":"https:\/\/diariododesbravador.com.br\/index.php\/wp-json\/wp\/v2\/pages\/6\/revisions"}],"wp:attachment":[{"href":"https:\/\/diariododesbravador.com.br\/index.php\/wp-json\/wp\/v2\/media?parent=6"}],"curies":[{"name":"wp","href":"https:\/\/api.w.org\/{rel}","templated":true}]}}